{"id":142,"date":"2017-08-14T17:55:11","date_gmt":"2017-08-14T15:55:11","guid":{"rendered":"http:\/\/doc.bdpv.fr\/fr\/?page_id=142"},"modified":"2017-08-14T17:55:11","modified_gmt":"2017-08-14T15:55:11","slug":"photovoltaique-soucis-de-fonctionnement-de-votre-installation","status":"publish","type":"page","link":"https:\/\/doc.bdpv.fr\/fr\/index.php\/photovoltaique-soucis-de-fonctionnement-de-votre-installation\/","title":{"rendered":"Photovolta\u00efque : Soucis de fonctionnement de votre installation"},"content":{"rendered":"<style>div.ewd-ufaq-faq-post p { font-size: 10 !important; }                                    <\/style><div id='ewd-ufaq-jquery-ajax-search'>\n\n\t<label class='ewd-ufaq-field-label'>\n\t\tSaisissez un mot:\n\t<\/label>\n\n\t\n\t<input type='search' class='ewd-ufaq-text-input ewd-ufaq-text-auto-complete' placeholder='Enter your question...' value='' \/>\n\n\t\n<\/div><div  class=\"ewd-ufaq-faq-list ewd-ufaq-page-type-load_more ewd-ufaq-search\" id='ewd-ufaq-faq-list'>\n\n\t<input type='hidden' name='include_category' value='photovoltaique-soucis-fonctionnement' id='ewd-ufaq-include-category' \/>\n<input type='hidden' name='exclude_category' value='' id='ewd-ufaq-exclude-category' \/>\n<input type='hidden' name='orderby' value='set_order' id='ewd-ufaq-orderby' \/>\n<input type='hidden' name='order' value='desc' id='ewd-ufaq-order' \/>\n<input type='hidden' name='post_count' value='-1' id='ewd-ufaq-post-count' \/>\n<input type='hidden' name='current_url' value='\/fr\/index.php\/wp-json\/wp\/v2\/pages\/142' id='ewd-ufaq-current-url' \/>\n\t\n\t\n\t<div class='ewd-ufaq-faqs'>\n\n\t\t\n\t<\/div>\n\n\t\n<\/div>\n<style>div.ewd-ufaq-faq-post p { font-size: 10 !important; }                                    <\/style><div  class=\"ewd-ufaq-faq-list ewd-ufaq-page-type-load_more\" id='ewd-ufaq-faq-list'>\n\n\t<input type='hidden' name='include_category' value='photovoltaique-soucis-fonctionnement' id='ewd-ufaq-include-category' \/>\n<input type='hidden' name='exclude_category' value='' id='ewd-ufaq-exclude-category' \/>\n<input type='hidden' name='orderby' value='set_order' id='ewd-ufaq-orderby' \/>\n<input type='hidden' name='order' value='desc' id='ewd-ufaq-order' \/>\n<input type='hidden' name='post_count' value='-1' id='ewd-ufaq-post-count' \/>\n<input type='hidden' name='current_url' value='\/fr\/index.php\/wp-json\/wp\/v2\/pages\/142' id='ewd-ufaq-current-url' \/>\n\t\n\t\n\t<div class='ewd-ufaq-faqs'>\n\n\t\t<div  class=\"ewd-ufaq-faq-div ewd-ufaq-faq-column-count-one ewd-ufaq-faq-responsive-columns- ewd-ufaq-faq-display-style-one ewd-ufaq-can-be-toggled\" id='ewd-ufaq-post-81-KGWvjPCpFo' data-post_id='81'>\n\n\t<div class='ewd-ufaq-faq-title ewd-ufaq-faq-toggle'>\n\t\n\t<a class='ewd-ufaq-post-margin'  href='#'>\n\n\t\t<div class='ewd-ufaq-post-margin-symbol ewd-ufaq-circle'>\n\t\t\t<span >c<\/span>\n\t\t<\/div>\n\n\t\t<div class='ewd-ufaq-faq-title-text'>\n\n\t\t\t<h4>\n\t\t\t\tUne solution simple pour contr\u00f4ler le bon fonctionnement de votre installation photovolta\u00efque !\t\t\t<\/h4>\n\n\t\t<\/div>\n\n\t\t<div class='ewd-ufaq-clear'><\/div>\n\n\t<\/a>\n\t\n<\/div>\n\t\n\t<div class='ewd-ufaq-faq-body ewd-ufaq-hidden' >\n\n\t\t\n\t\t\t\n\t\t\n\t\t\t<div class='ewd-ufaq-post-margin ewd-ufaq-faq-post'>\n\t\n<pre class=\"wp-block-verse\">Que votre installation soit en vente totale, autoconsommation ou vente surplus, BDPV peut r\u00e9cup\u00e9rer automatiquement la production photovolta\u00efque <a href=\"https:\/\/doc.bdpv.fr\/fr\/index.php\/ufaqs\/production-certifiee-des-installations\/\">gr\u00e2ce \u00e0\u00a0plusieurs dispositifs<\/a> (Linky, Enphase, Solax, SolarEdge, Huawei, APsystems, Domotique, Jeedom, domotique, \u2026).<br>Cela permet de b\u00e9n\u00e9ficier gratuitement\u00a0<a href=\"https:\/\/doc.bdpv.fr\/fr\/index.php\/gestion-des-alertes-et-notifications-bdpv\/\">des notifications d\u2019alertes<\/a>\u00a0de perte de production et de <a href=\"https:\/\/www.bdpv.fr\/fr\/rapportPerf.php\" target=\"_blank\" rel=\"noreferrer noopener\">l\u2019analyse de performance de votre installation<\/a>.<\/pre>\n\n\n\n<p>Que vous ayez une installation photovolta\u00efque ou que vous d\u00e9siriez en avoir une, le site gratuit BDPV\u00a0<a class=\"postlink\" href=\"http:\/\/www.bdpv.fr\/\" target=\"_blank\" rel=\"noopener\">http:\/\/www.bdpv.fr<\/a>\u00a0est fait pour vous.<br>Largement pl\u00e9biscit\u00e9 sur le forum photovolta\u00efque (<a href=\"http:\/\/forum-photovoltaique.fr\" target=\"_blank\" rel=\"noopener\">http:\/\/forum-photovoltaique.fr<\/a>) (l&rsquo;id\u00e9e de sa cr\u00e9ation est n\u00e9e ici), il m\u00e9rite d&rsquo;\u00eatre connu et voici plusieurs petites vid\u00e9os qui vous aideront \u00e0 comprendre son fonctionnement, son int\u00e9r\u00eat, &#8230;.<\/p>\n\n\n\n<p><a href=\"https:\/\/www.youtube.com\/watch?v=qQifJL7puBg\" target=\"_blank\" rel=\"noopener\"><img decoding=\"async\" loading=\"lazy\" class=\"alignnone size-full wp-image-86\" src=\"http:\/\/doc.bdpv.fr\/fr\/wp-content\/uploads\/2017\/08\/VIDEO_BDPV-DecouvrezBDPV.gif\" alt=\"\" width=\"178\" height=\"100\"><\/a><br>D\u00e9couvrez le fonctionnement et l&rsquo;int\u00e9r\u00eat de BDPV<\/p>\n\n\n\n<p><a href=\"https:\/\/www.youtube.com\/watch?v=hNeYoWh_5Pk\" target=\"_blank\" rel=\"noopener\"><img decoding=\"async\" loading=\"lazy\" class=\"alignnone size-full wp-image-85\" src=\"http:\/\/doc.bdpv.fr\/fr\/wp-content\/uploads\/2017\/08\/VIDEO_BDPV-CommentEviterPertesProduction.gif\" alt=\"\" width=\"178\" height=\"100\"><\/a><br>Comment \u00e9viter les pertes de revenus et de production<\/p>\n\n\n\n<p><a href=\"https:\/\/www.youtube.com\/watch?v=BFgnnKLtBME\" target=\"_blank\" rel=\"noopener\"><img decoding=\"async\" loading=\"lazy\" class=\"alignnone size-full wp-image-87\" src=\"http:\/\/doc.bdpv.fr\/fr\/wp-content\/uploads\/2017\/08\/VIDEO_BDPV-VerifierDevis.gif\" alt=\"\" width=\"178\" height=\"100\"><\/a><br>V\u00e9rifier votre devis avant de signer, pourquoi &#8230;.<\/p>\n<\/div>\n\t\t\n\t\t\t<div class='ewd-ufaq-faq-custom-fields'>\n\n\t\n<\/div>\n\t\t\n\t\t\t\n\t\t\n\t\t\t\n\t\t\n\t\t\t<div class='ewd-ufaq-ratings'>\n\t\n\t<div class='ewd-ufaq-ratings-label'>\n\t\tDid you find this FAQ helpful?\t<\/div>\n\t\n\t<div class='ewd-ufaq-rating-button ewd-ufaq-up-vote ewd-ufaq-ratings-default-image' data-faq_id='81'>\n\t\t<img decoding=\"async\" src=\"https:\/\/doc.bdpv.fr\/fr\/wp-content\/plugins\/ultimate-faqs\/assets\/img\/Thumbs-up-icon.png\" \/>\t\t<span>2<\/span>\n\t<\/div>\n\t\n\t<div class='ewd-ufaq-rating-button ewd-ufaq-down-vote ewd-ufaq-ratings-default-image' data-faq_id='81'>\n\t\t<img decoding=\"async\" src=\"https:\/\/doc.bdpv.fr\/fr\/wp-content\/plugins\/ultimate-faqs\/assets\/img\/Thumbs-down-icon.png\" \/>\t\t<span>2<\/span>\n\t<\/div>\n<\/div>\n\n<div class='ewd-ufaq-clear'><\/div>\n\t\t\n\t\t\t\n\t\t\n\t\t\t\n\t\t\n\t\t\t\n\t\t\n\t\t\t\n\t\t\n\t<\/div>\n\n<\/div><div  class=\"ewd-ufaq-faq-div ewd-ufaq-faq-column-count-one ewd-ufaq-faq-responsive-columns- ewd-ufaq-faq-display-style-one ewd-ufaq-can-be-toggled\" id='ewd-ufaq-post-102-mGYf9zbiHN' data-post_id='102'>\n\n\t<div class='ewd-ufaq-faq-title ewd-ufaq-faq-toggle'>\n\t\n\t<a class='ewd-ufaq-post-margin'  href='#'>\n\n\t\t<div class='ewd-ufaq-post-margin-symbol ewd-ufaq-circle'>\n\t\t\t<span >c<\/span>\n\t\t<\/div>\n\n\t\t<div class='ewd-ufaq-faq-title-text'>\n\n\t\t\t<h4>\n\t\t\t\tQue faut-il faire, si ma production me semble insuffisante ?\t\t\t<\/h4>\n\n\t\t<\/div>\n\n\t\t<div class='ewd-ufaq-clear'><\/div>\n\n\t<\/a>\n\t\n<\/div>\n\t\n\t<div class='ewd-ufaq-faq-body ewd-ufaq-hidden' >\n\n\t\t\n\t\t\t\n\t\t\n\t\t\t<div class='ewd-ufaq-post-margin ewd-ufaq-faq-post'>\n\t\n<pre class=\"wp-block-verse\">Que votre installation soit en vente totale, autoconsommation ou vente surplus, BDPV peut r\u00e9cup\u00e9rer automatiquement la production photovolta\u00efque <a href=\"https:\/\/doc.bdpv.fr\/fr\/index.php\/ufaqs\/production-certifiee-des-installations\/\">gr\u00e2ce \u00e0\u00a0plusieurs dispositifs<\/a> (Linky, Enphase, Solax, SolarEdge, Huawei, APsystems, Domotique, Jeedom, domotique, \u2026).<br>Cela permet de b\u00e9n\u00e9ficier gratuitement\u00a0<a href=\"https:\/\/doc.bdpv.fr\/fr\/index.php\/gestion-des-alertes-et-notifications-bdpv\/\">des notifications d\u2019alertes<\/a>\u00a0de perte de production et de <a href=\"https:\/\/www.bdpv.fr\/fr\/rapportPerf.php\" target=\"_blank\" rel=\"noreferrer noopener\">l\u2019analyse de performance de votre installation<\/a>.<\/pre>\n\n\n\n<p>Le mieux est d&rsquo;obtenir <a href=\"https:\/\/www.bdpv.fr\/fr\/rapportPerf.php\" target=\"_blank\" rel=\"noreferrer noopener\">le rapport de performance de votre installation<\/a> si vous en avez la possibilit\u00e9.<\/p>\n\n\n\n<p>Si ce n&rsquo;est pas possible, pour voir si votre production est insuffisante, il faut tout d&rsquo;abord comparer votre production avec celle des installations proches (dans les 5 ou 10 km autour de vous), en allant sur la page \u00ab\u00a0<a href=\"http:\/\/www.bdpv.fr\/prod_proche.php\" target=\"_blank\" rel=\"noopener\">Production proche\u00a0<\/a>\u00a0\u00bb et en regardant sur plusieurs mois et m\u00eame plusieurs ann\u00e9es si possible.<br>Ensuite si vous \u00eates syst\u00e9matiquement en dessous des autres, il faut contacter votre installateur pour qu&rsquo;il fasse une expertise de cela.<\/p>\n\n\n\n<p>Si votre installateur n&rsquo;existe plus ou qu&rsquo;il ne vous donne pas des r\u00e9ponses satisfaisantes, je vous conseille alors d&rsquo;aller poser la question sur le Forum Photovolta\u00efque (<a href=\"http:\/\/forum-photovoltaique.fr\/\" target=\"_blank\" rel=\"noopener\">http:\/\/forum-photovoltaique.fr<\/a>\u00a0 <\/p>\n<\/div>\n\t\t\n\t\t\t<div class='ewd-ufaq-faq-custom-fields'>\n\n\t\n<\/div>\n\t\t\n\t\t\t\n\t\t\n\t\t\t\n\t\t\n\t\t\t<div class='ewd-ufaq-ratings'>\n\t\n\t<div class='ewd-ufaq-ratings-label'>\n\t\tDid you find this FAQ helpful?\t<\/div>\n\t\n\t<div class='ewd-ufaq-rating-button ewd-ufaq-up-vote ewd-ufaq-ratings-default-image' data-faq_id='102'>\n\t\t<img decoding=\"async\" src=\"https:\/\/doc.bdpv.fr\/fr\/wp-content\/plugins\/ultimate-faqs\/assets\/img\/Thumbs-up-icon.png\" \/>\t\t<span>2<\/span>\n\t<\/div>\n\t\n\t<div class='ewd-ufaq-rating-button ewd-ufaq-down-vote ewd-ufaq-ratings-default-image' data-faq_id='102'>\n\t\t<img decoding=\"async\" src=\"https:\/\/doc.bdpv.fr\/fr\/wp-content\/plugins\/ultimate-faqs\/assets\/img\/Thumbs-down-icon.png\" \/>\t\t<span>2<\/span>\n\t<\/div>\n<\/div>\n\n<div class='ewd-ufaq-clear'><\/div>\n\t\t\n\t\t\t\n\t\t\n\t\t\t\n\t\t\n\t\t\t\n\t\t\n\t\t\t\n\t\t\n\t<\/div>\n\n<\/div>\n\t<\/div>\n\n\t\n<\/div>\n<p>&nbsp;<\/p>\n<p>&nbsp;<\/p>\n","protected":false},"excerpt":{"rendered":"<p>C Que faut-il faire, si ma production me semble insuffisante ? Que votre installation soit en vente totale, autoconsommation ou vente surplus, BDPV peut r\u00e9cup\u00e9rer automatiquement la production photovolta\u00efque gr\u00e2ce \u00e0\u00a0plusieurs dispositifs (Linky, Enphase, Solax, SolarEdge, Huawei, APsystems, Domotique, Jeedom, domotique, \u2026).Cela permet de b\u00e9n\u00e9ficier gratuitement\u00a0des notifications d\u2019alertes\u00a0de perte de production et de l\u2019analyse de [&hellip;]<\/p>\n","protected":false},"author":1,"featured_media":0,"parent":0,"menu_order":0,"comment_status":"closed","ping_status":"closed","template":"","meta":{"footnotes":""},"_links":{"self":[{"href":"https:\/\/doc.bdpv.fr\/fr\/index.php\/wp-json\/wp\/v2\/pages\/142"}],"collection":[{"href":"https:\/\/doc.bdpv.fr\/fr\/index.php\/wp-json\/wp\/v2\/pages"}],"about":[{"href":"https:\/\/doc.bdpv.fr\/fr\/index.php\/wp-json\/wp\/v2\/types\/page"}],"author":[{"embeddable":true,"href":"https:\/\/doc.bdpv.fr\/fr\/index.php\/wp-json\/wp\/v2\/users\/1"}],"replies":[{"embeddable":true,"href":"https:\/\/doc.bdpv.fr\/fr\/index.php\/wp-json\/wp\/v2\/comments?post=142"}],"version-history":[{"count":1,"href":"https:\/\/doc.bdpv.fr\/fr\/index.php\/wp-json\/wp\/v2\/pages\/142\/revisions"}],"predecessor-version":[{"id":151,"href":"https:\/\/doc.bdpv.fr\/fr\/index.php\/wp-json\/wp\/v2\/pages\/142\/revisions\/151"}],"wp:attachment":[{"href":"https:\/\/doc.bdpv.fr\/fr\/index.php\/wp-json\/wp\/v2\/media?parent=142"}],"curies":[{"name":"wp","href":"https:\/\/api.w.org\/{rel}","templated":true}]}}