{"id":141,"date":"2017-08-14T17:55:27","date_gmt":"2017-08-14T15:55:27","guid":{"rendered":"http:\/\/doc.bdpv.fr\/fr\/?page_id=141"},"modified":"2017-08-14T17:55:27","modified_gmt":"2017-08-14T15:55:27","slug":"photovoltaique-arnaques-et-aide-aux-victimes","status":"publish","type":"page","link":"https:\/\/doc.bdpv.fr\/fr\/index.php\/photovoltaique-arnaques-et-aide-aux-victimes\/","title":{"rendered":"Photovolta\u00efque : Arnaques et aide aux victimes"},"content":{"rendered":"<style>div.ewd-ufaq-faq-post p { font-size: 10 !important; }                                    <\/style><div id='ewd-ufaq-jquery-ajax-search'>\n\n\t<label class='ewd-ufaq-field-label'>\n\t\tSaisissez un mot:\n\t<\/label>\n\n\t\n\t<input type='search' class='ewd-ufaq-text-input ewd-ufaq-text-auto-complete' placeholder='Enter your question...' value='' \/>\n\n\t\n<\/div><div  class=\"ewd-ufaq-faq-list ewd-ufaq-page-type-load_more ewd-ufaq-search\" id='ewd-ufaq-faq-list'>\n\n\t<input type='hidden' name='include_category' value='photovoltaique-arnaque-photovoltaique' id='ewd-ufaq-include-category' \/>\n<input type='hidden' name='exclude_category' value='' id='ewd-ufaq-exclude-category' \/>\n<input type='hidden' name='orderby' value='set_order' id='ewd-ufaq-orderby' \/>\n<input type='hidden' name='order' value='desc' id='ewd-ufaq-order' \/>\n<input type='hidden' name='post_count' value='-1' id='ewd-ufaq-post-count' \/>\n<input type='hidden' name='current_url' value='\/fr\/index.php\/wp-json\/wp\/v2\/pages\/141' id='ewd-ufaq-current-url' \/>\n\t\n\t\n\t<div class='ewd-ufaq-faqs'>\n\n\t\t\n\t<\/div>\n\n\t\n<\/div>\n<style>div.ewd-ufaq-faq-post p { font-size: 10 !important; }                                    <\/style><div  class=\"ewd-ufaq-faq-list ewd-ufaq-page-type-load_more\" id='ewd-ufaq-faq-list'>\n\n\t<input type='hidden' name='include_category' value='photovoltaique-arnaque-photovoltaique' id='ewd-ufaq-include-category' \/>\n<input type='hidden' name='exclude_category' value='' id='ewd-ufaq-exclude-category' \/>\n<input type='hidden' name='orderby' value='set_order' id='ewd-ufaq-orderby' \/>\n<input type='hidden' name='order' value='desc' id='ewd-ufaq-order' \/>\n<input type='hidden' name='post_count' value='-1' id='ewd-ufaq-post-count' \/>\n<input type='hidden' name='current_url' value='\/fr\/index.php\/wp-json\/wp\/v2\/pages\/141' id='ewd-ufaq-current-url' \/>\n\t\n\t\n\t<div class='ewd-ufaq-faqs'>\n\n\t\t<div  class=\"ewd-ufaq-faq-div ewd-ufaq-faq-column-count-one ewd-ufaq-faq-responsive-columns- ewd-ufaq-faq-display-style-one ewd-ufaq-can-be-toggled\" id='ewd-ufaq-post-106-jLocqipEhu' data-post_id='106'>\n\n\t<div class='ewd-ufaq-faq-title ewd-ufaq-faq-toggle'>\n\t\n\t<a class='ewd-ufaq-post-margin'  href='#'>\n\n\t\t<div class='ewd-ufaq-post-margin-symbol ewd-ufaq-circle'>\n\t\t\t<span >C<\/span>\n\t\t<\/div>\n\n\t\t<div class='ewd-ufaq-faq-title-text'>\n\n\t\t\t<h4>\n\t\t\t\tQui contacter si je suis victime d&rsquo;une arnaque photovolta\u00efque ?\t\t\t<\/h4>\n\n\t\t<\/div>\n\n\t\t<div class='ewd-ufaq-clear'><\/div>\n\n\t<\/a>\n\t\n<\/div>\n\t\n\t<div class='ewd-ufaq-faq-body ' >\n\n\t\t\n\t\t\t\n\t\t\n\t\t\t<div class='ewd-ufaq-post-margin ewd-ufaq-faq-post'>\n\t<p>Avant tout, allez sur cette page du Forum Photovolta\u00efque pour d\u00e9terminer si vous \u00eates r\u00e9ellement victime d&rsquo;une arnaque au photovolta\u00efque :<\/p>\n<p><a href=\"http:\/\/forum-photovoltaique.fr\/viewtopic.php?p=391267\">http:\/\/forum-photovoltaique.fr\/viewtopic.php?p=391267<\/a><\/p>\n<p>Et si c&rsquo;est le cas, suivez les instructions donn\u00e9es dans la page.<\/p>\n<\/div>\n\t\t\n\t\t\t<div class='ewd-ufaq-faq-custom-fields'>\n\n\t\n<\/div>\n\t\t\n\t\t\t\n\t\t\n\t\t\t\n\t\t\n\t\t\t<div class='ewd-ufaq-ratings'>\n\t\n\t<div class='ewd-ufaq-ratings-label'>\n\t\tDid you find this FAQ helpful?\t<\/div>\n\t\n\t<div class='ewd-ufaq-rating-button ewd-ufaq-up-vote ewd-ufaq-ratings-default-image' data-faq_id='106'>\n\t\t<img decoding=\"async\" src=\"https:\/\/doc.bdpv.fr\/fr\/wp-content\/plugins\/ultimate-faqs\/assets\/img\/Thumbs-up-icon.png\" \/>\t\t<span>2<\/span>\n\t<\/div>\n\t\n\t<div class='ewd-ufaq-rating-button ewd-ufaq-down-vote ewd-ufaq-ratings-default-image' data-faq_id='106'>\n\t\t<img decoding=\"async\" src=\"https:\/\/doc.bdpv.fr\/fr\/wp-content\/plugins\/ultimate-faqs\/assets\/img\/Thumbs-down-icon.png\" \/>\t\t<span>2<\/span>\n\t<\/div>\n<\/div>\n\n<div class='ewd-ufaq-clear'><\/div>\n\t\t\n\t\t\t\n\t\t\n\t\t\t\n\t\t\n\t\t\t\n\t\t\n\t\t\t\n\t\t\n\t<\/div>\n\n<\/div>\n\t<\/div>\n\n\t\n<\/div>\n","protected":false},"excerpt":{"rendered":"<p>C Qui contacter si je suis victime d&rsquo;une arnaque photovolta\u00efque ? Avant tout, allez sur cette page du Forum Photovolta\u00efque pour d\u00e9terminer si vous \u00eates r\u00e9ellement victime d&rsquo;une arnaque au photovolta\u00efque : http:\/\/forum-photovoltaique.fr\/viewtopic.php?p=391267 Et si c&rsquo;est le cas, suivez les instructions donn\u00e9es dans la page. Did you find this FAQ helpful? 2 2<\/p>\n","protected":false},"author":1,"featured_media":0,"parent":0,"menu_order":0,"comment_status":"closed","ping_status":"closed","template":"","meta":{"footnotes":""},"_links":{"self":[{"href":"https:\/\/doc.bdpv.fr\/fr\/index.php\/wp-json\/wp\/v2\/pages\/141"}],"collection":[{"href":"https:\/\/doc.bdpv.fr\/fr\/index.php\/wp-json\/wp\/v2\/pages"}],"about":[{"href":"https:\/\/doc.bdpv.fr\/fr\/index.php\/wp-json\/wp\/v2\/types\/page"}],"author":[{"embeddable":true,"href":"https:\/\/doc.bdpv.fr\/fr\/index.php\/wp-json\/wp\/v2\/users\/1"}],"replies":[{"embeddable":true,"href":"https:\/\/doc.bdpv.fr\/fr\/index.php\/wp-json\/wp\/v2\/comments?post=141"}],"version-history":[{"count":1,"href":"https:\/\/doc.bdpv.fr\/fr\/index.php\/wp-json\/wp\/v2\/pages\/141\/revisions"}],"predecessor-version":[{"id":152,"href":"https:\/\/doc.bdpv.fr\/fr\/index.php\/wp-json\/wp\/v2\/pages\/141\/revisions\/152"}],"wp:attachment":[{"href":"https:\/\/doc.bdpv.fr\/fr\/index.php\/wp-json\/wp\/v2\/media?parent=141"}],"curies":[{"name":"wp","href":"https:\/\/api.w.org\/{rel}","templated":true}]}}