{"id":140,"date":"2017-08-14T17:55:52","date_gmt":"2017-08-14T15:55:52","guid":{"rendered":"http:\/\/doc.bdpv.fr\/fr\/?page_id=140"},"modified":"2017-08-14T17:55:52","modified_gmt":"2017-08-14T15:55:52","slug":"photovoltaique-informations-generales","status":"publish","type":"page","link":"https:\/\/doc.bdpv.fr\/fr\/index.php\/photovoltaique-informations-generales\/","title":{"rendered":"Photovolta\u00efque : Informations g\u00e9n\u00e9rales"},"content":{"rendered":"<style>div.ewd-ufaq-faq-post p { font-size: 10 !important; }                                    <\/style><div id='ewd-ufaq-jquery-ajax-search'>\n\n\t<label class='ewd-ufaq-field-label'>\n\t\tSaisissez un mot:\n\t<\/label>\n\n\t\n\t<input type='search' class='ewd-ufaq-text-input ewd-ufaq-text-auto-complete' placeholder='Enter your question...' value='' \/>\n\n\t\n<\/div><div  class=\"ewd-ufaq-faq-list ewd-ufaq-page-type-load_more ewd-ufaq-search\" id='ewd-ufaq-faq-list'>\n\n\t<input type='hidden' name='include_category' value='photovoltaique-general' id='ewd-ufaq-include-category' \/>\n<input type='hidden' name='exclude_category' value='' id='ewd-ufaq-exclude-category' \/>\n<input type='hidden' name='orderby' value='set_order' id='ewd-ufaq-orderby' \/>\n<input type='hidden' name='order' value='desc' id='ewd-ufaq-order' \/>\n<input type='hidden' name='post_count' value='-1' id='ewd-ufaq-post-count' \/>\n<input type='hidden' name='current_url' value='\/fr\/index.php\/wp-json\/wp\/v2\/pages\/140' id='ewd-ufaq-current-url' \/>\n\t\n\t\n\t<div class='ewd-ufaq-faqs'>\n\n\t\t\n\t<\/div>\n\n\t\n<\/div>\n<style>div.ewd-ufaq-faq-post p { font-size: 10 !important; }                                    <\/style><div  class=\"ewd-ufaq-faq-list ewd-ufaq-page-type-load_more\" id='ewd-ufaq-faq-list'>\n\n\t<input type='hidden' name='include_category' value='photovoltaique-general' id='ewd-ufaq-include-category' \/>\n<input type='hidden' name='exclude_category' value='' id='ewd-ufaq-exclude-category' \/>\n<input type='hidden' name='orderby' value='set_order' id='ewd-ufaq-orderby' \/>\n<input type='hidden' name='order' value='desc' id='ewd-ufaq-order' \/>\n<input type='hidden' name='post_count' value='-1' id='ewd-ufaq-post-count' \/>\n<input type='hidden' name='current_url' value='\/fr\/index.php\/wp-json\/wp\/v2\/pages\/140' id='ewd-ufaq-current-url' \/>\n\t\n\t\n\t<div class='ewd-ufaq-faqs'>\n\n\t\t<div  class=\"ewd-ufaq-faq-div ewd-ufaq-faq-column-count-one ewd-ufaq-faq-responsive-columns- ewd-ufaq-faq-display-style-one ewd-ufaq-can-be-toggled\" id='ewd-ufaq-post-128-Wu9oEnkXJY' data-post_id='128'>\n\n\t<div class='ewd-ufaq-faq-title ewd-ufaq-faq-toggle'>\n\t\n\t<a class='ewd-ufaq-post-margin'  href='#'>\n\n\t\t<div class='ewd-ufaq-post-margin-symbol ewd-ufaq-circle'>\n\t\t\t<span >c<\/span>\n\t\t<\/div>\n\n\t\t<div class='ewd-ufaq-faq-title-text'>\n\n\t\t\t<h4>\n\t\t\t\tO\u00f9 poser des questions techniques sur le Photovolta\u00efque ?\t\t\t<\/h4>\n\n\t\t<\/div>\n\n\t\t<div class='ewd-ufaq-clear'><\/div>\n\n\t<\/a>\n\t\n<\/div>\n\t\n\t<div class='ewd-ufaq-faq-body ewd-ufaq-hidden' >\n\n\t\t\n\t\t\t\n\t\t\n\t\t\t<div class='ewd-ufaq-post-margin ewd-ufaq-faq-post'>\n\t<p>Vous trouverez sur le <a href=\"http:\/\/forum-photovoltaique.fr\" target=\"_blank\" rel=\"noopener\">Forum Photovolta\u00efque<\/a>\u00a0tout ce que vous recherchez sur le Photovolta\u00efque.<\/p>\n<p>Il vous permettra \u00e9galement de partager votre exp\u00e9rience, de poser des questions, de trouver des conseils sur le mat\u00e9riel, sur quoi acheter, ce qu&rsquo;il faut v\u00e9rifier, &#8230;.<\/p>\n<h2 style=\"text-align: center\"><a href=\"http:\/\/forum-photovoltaique.fr\" target=\"_blank\" rel=\"noopener\">http:\/\/forum-photovoltaique.fr<\/a><\/h2>\n<p>\u00a0<\/p>\n<\/div>\n\t\t\n\t\t\t<div class='ewd-ufaq-faq-custom-fields'>\n\n\t\n<\/div>\n\t\t\n\t\t\t\n\t\t\n\t\t\t\n\t\t\n\t\t\t<div class='ewd-ufaq-ratings'>\n\t\n\t<div class='ewd-ufaq-ratings-label'>\n\t\tDid you find this FAQ helpful?\t<\/div>\n\t\n\t<div class='ewd-ufaq-rating-button ewd-ufaq-up-vote ewd-ufaq-ratings-default-image' data-faq_id='128'>\n\t\t<img decoding=\"async\" src=\"https:\/\/doc.bdpv.fr\/fr\/wp-content\/plugins\/ultimate-faqs\/assets\/img\/Thumbs-up-icon.png\" \/>\t\t<span>2<\/span>\n\t<\/div>\n\t\n\t<div class='ewd-ufaq-rating-button ewd-ufaq-down-vote ewd-ufaq-ratings-default-image' data-faq_id='128'>\n\t\t<img decoding=\"async\" src=\"https:\/\/doc.bdpv.fr\/fr\/wp-content\/plugins\/ultimate-faqs\/assets\/img\/Thumbs-down-icon.png\" \/>\t\t<span>1<\/span>\n\t<\/div>\n<\/div>\n\n<div class='ewd-ufaq-clear'><\/div>\n\t\t\n\t\t\t\n\t\t\n\t\t\t\n\t\t\n\t\t\t\n\t\t\n\t\t\t\n\t\t\n\t<\/div>\n\n<\/div><div  class=\"ewd-ufaq-faq-div ewd-ufaq-faq-column-count-one ewd-ufaq-faq-responsive-columns- ewd-ufaq-faq-display-style-one ewd-ufaq-can-be-toggled\" id='ewd-ufaq-post-114-ymPUIxVae3' data-post_id='114'>\n\n\t<div class='ewd-ufaq-faq-title ewd-ufaq-faq-toggle'>\n\t\n\t<a class='ewd-ufaq-post-margin'  href='#'>\n\n\t\t<div class='ewd-ufaq-post-margin-symbol ewd-ufaq-circle'>\n\t\t\t<span >c<\/span>\n\t\t<\/div>\n\n\t\t<div class='ewd-ufaq-faq-title-text'>\n\n\t\t\t<h4>\n\t\t\t\tO\u00f9 trouver toute l&rsquo;information sur l&rsquo;Actualit\u00e9 du photovolta\u00efque ?\t\t\t<\/h4>\n\n\t\t<\/div>\n\n\t\t<div class='ewd-ufaq-clear'><\/div>\n\n\t<\/a>\n\t\n<\/div>\n\t\n\t<div class='ewd-ufaq-faq-body ewd-ufaq-hidden' >\n\n\t\t\n\t\t\t\n\t\t\n\t\t\t<div class='ewd-ufaq-post-margin ewd-ufaq-faq-post'>\n\t<p>Sur le site <a href=\"https:\/\/www.photovoltaique.info\/fr\/\">Photovoltaique.info<\/a> ou le <a href=\"https:\/\/forum-photovoltaique.fr\/\">Forum Photovolta\u00efque<\/a><\/p>\n<\/div>\n\t\t\n\t\t\t<div class='ewd-ufaq-faq-custom-fields'>\n\n\t\n<\/div>\n\t\t\n\t\t\t\n\t\t\n\t\t\t\n\t\t\n\t\t\t<div class='ewd-ufaq-ratings'>\n\t\n\t<div class='ewd-ufaq-ratings-label'>\n\t\tDid you find this FAQ helpful?\t<\/div>\n\t\n\t<div class='ewd-ufaq-rating-button ewd-ufaq-up-vote ewd-ufaq-ratings-default-image' data-faq_id='114'>\n\t\t<img decoding=\"async\" src=\"https:\/\/doc.bdpv.fr\/fr\/wp-content\/plugins\/ultimate-faqs\/assets\/img\/Thumbs-up-icon.png\" \/>\t\t<span>2<\/span>\n\t<\/div>\n\t\n\t<div class='ewd-ufaq-rating-button ewd-ufaq-down-vote ewd-ufaq-ratings-default-image' data-faq_id='114'>\n\t\t<img decoding=\"async\" src=\"https:\/\/doc.bdpv.fr\/fr\/wp-content\/plugins\/ultimate-faqs\/assets\/img\/Thumbs-down-icon.png\" \/>\t\t<span>0<\/span>\n\t<\/div>\n<\/div>\n\n<div class='ewd-ufaq-clear'><\/div>\n\t\t\n\t\t\t\n\t\t\n\t\t\t\n\t\t\n\t\t\t\n\t\t\n\t\t\t\n\t\t\n\t<\/div>\n\n<\/div>\n\t<\/div>\n\n\t\n<\/div>\n","protected":false},"excerpt":{"rendered":"<p>C O\u00f9 trouver toute l&rsquo;information sur l&rsquo;Actualit\u00e9 du photovolta\u00efque ? Sur le site Photovoltaique.info ou le Forum Photovolta\u00efque Did you find this FAQ helpful? 2 0<\/p>\n","protected":false},"author":1,"featured_media":0,"parent":0,"menu_order":0,"comment_status":"closed","ping_status":"closed","template":"","meta":{"footnotes":""},"_links":{"self":[{"href":"https:\/\/doc.bdpv.fr\/fr\/index.php\/wp-json\/wp\/v2\/pages\/140"}],"collection":[{"href":"https:\/\/doc.bdpv.fr\/fr\/index.php\/wp-json\/wp\/v2\/pages"}],"about":[{"href":"https:\/\/doc.bdpv.fr\/fr\/index.php\/wp-json\/wp\/v2\/types\/page"}],"author":[{"embeddable":true,"href":"https:\/\/doc.bdpv.fr\/fr\/index.php\/wp-json\/wp\/v2\/users\/1"}],"replies":[{"embeddable":true,"href":"https:\/\/doc.bdpv.fr\/fr\/index.php\/wp-json\/wp\/v2\/comments?post=140"}],"version-history":[{"count":1,"href":"https:\/\/doc.bdpv.fr\/fr\/index.php\/wp-json\/wp\/v2\/pages\/140\/revisions"}],"predecessor-version":[{"id":153,"href":"https:\/\/doc.bdpv.fr\/fr\/index.php\/wp-json\/wp\/v2\/pages\/140\/revisions\/153"}],"wp:attachment":[{"href":"https:\/\/doc.bdpv.fr\/fr\/index.php\/wp-json\/wp\/v2\/media?parent=140"}],"curies":[{"name":"wp","href":"https:\/\/api.w.org\/{rel}","templated":true}]}}